{"id":161,"date":"2014-07-08T15:05:19","date_gmt":"2014-07-08T13:05:19","guid":{"rendered":"https:\/\/martina-schlumberger.de\/?page_id=161"},"modified":"2019-12-04T12:20:47","modified_gmt":"2019-12-04T10:20:47","slug":"disclaimer-2","status":"publish","type":"page","link":"https:\/\/martina-schlumberger.de\/?page_id=161","title":{"rendered":"Datenschutz"},"content":{"rendered":"<p>[et_pb_section fb_built=&#8220;1&#8243; _builder_version=&#8220;3.22&#8243; background_color=&#8220;#dddddd&#8220;][et_pb_row _builder_version=&#8220;3.25&#8243; background_size=&#8220;initial&#8220; background_position=&#8220;top_left&#8220; background_repeat=&#8220;repeat&#8220;][et_pb_column type=&#8220;4_4&#8243; _builder_version=&#8220;3.25&#8243; custom_padding=&#8220;|||&#8220; custom_padding__hover=&#8220;|||&#8220;][et_pb_text _builder_version=&#8220;4.0.7&#8243; background_size=&#8220;initial&#8220; background_position=&#8220;top_left&#8220; background_repeat=&#8220;repeat&#8220; hover_enabled=&#8220;0&#8243;]<\/p>\n<h3>Datenschutzerkl\u00e4rung<\/h3>\n<h4>Allgemeines<\/h4>\n<p><!--allgemein096_start-->Ich m\u00f6chte Sie in \u00dcbereinstimmung mit meiner gesetzlichen Verpflichtung \u00fcber die Erhebung und Verwendung ihrer personenbezogenen Daten informieren.<\/p>\n<p>Wenn Sie meine Website nutzen, werden personenbezogene Daten \u00fcber Sie erfasst. Dies kann dadurch erfolgen, dass Sie die Daten eigenst\u00e4ndig eingeben \u2013 wie z.B. Ihre Mailadresse. Mein System erfasst Daten von Ihnen aber auch automatisch, wie etwa Ihren Besuch auf unserer Website. Dies erfolgt unabh\u00e4ngig davon, mit welchem Ger\u00e4t oder mit welcher Software Sie unsere Website nutzen.<\/p>\n<p>Jegliche Eingabe von Daten durch Sie auf meiner Website ist freiwillig, es treten durch die Nichtpreisgabe Ihrer Daten f\u00fcr Sie keine Nachteile ein. Ohne bestimmte Daten ist es mir aber nicht m\u00f6glich, Leistungen zu erbringen oder Vertr\u00e4ge zu schlie\u00dfen. Auf derartige Pflichtangaben werde ich Sie jeweils hinweisen.<\/p>\n<p>Auf dieser Webseite werden personenbezogene Daten des Nutzers nur im Rahmen des geltenden Datenschutzrechts, insbesondere der Datenschutzgrundverordnung (DSGVO), erhoben. Die in dem Text verwendeten Fachbegriffe werden in Art. 4 der DSGVO n\u00e4her erl\u00e4utert.<\/p>\n<p>Eine Datenverarbeitung ist nach der DSGVO insbesondere in drei F\u00e4llen erlaubt:<\/p>\n<ul>\n<li>nach Art. 6 Abs. 1 lit. a und 7 DSGVO, wenn Sie in die Datenverarbeitung durch uns eingewilligt haben; jeweils werden wir Sie vorher in dieser Datenschutzerkl\u00e4rung und anl\u00e4sslich der Einwilligung nach Ma\u00dfgabe von Art. 4 Nr. 11 DSGVO genau unterrichten, wozu und unter welchen Umst\u00e4nden Ihre Daten von uns verarbeitet werden;<\/li>\n<li>nach Art. 6 Abs. 1 lit. b DSGVO, wenn die Verarbeitung Ihrer personenbezogenen Daten f\u00fcr die Anbahnung, den Abschluss oder die Abwicklung eines Vertragsverh\u00e4ltnisses erforderlich ist;<\/li>\n<li>nach Art. 6 Abs. 1 lit. f DSGVO, wenn nach einer Interessenabw\u00e4gung die Verarbeitung zur Wahrung unserer berechtigten Interessen erforderlich ist; dazu geh\u00f6ren insbesondere unsere Interessen, das Angebot auf unserer Website zu analysieren, zu optimieren und abzusichern \u2013 darunter fallen vor allem eine Analyse des Nutzerverhaltens, die Erstellung von Profilen f\u00fcr Werbezwecke und die Speicherung von Zugriffsdaten sowie der Einsatz von dritten Anbietern.<\/li>\n<\/ul>\n<p><!--allgemein096_end--><\/p>\n<p><!--allgemein096_bestand_header--><strong>Bestandsdaten<\/strong><br \/><!--allgemein096_bestand_start-->Ich erhebe Bestandsdaten soweit sie f\u00fcr die Begr\u00fcndung, inhaltliche Ausgestaltung oder \u00c4nderung eines (auch unentgeltlichen) Vertragsverh\u00e4ltnisses zwischen mir und dem Nutzer erforderlich sind. Dazu k\u00f6nnen geh\u00f6ren: Kundendaten (z.B. Name, Adresse), Kontaktdaten (z.B. E-Mail-Adresse, Telefonnummer), Leistungsdaten (z.B. bestellte Leistung, Laufzeit, Entgelt). Bei der Begr\u00fcndung des Nutzungsverh\u00e4ltnisses werde ich diese Daten von Ihnen abfragen (z.B. Name, Anschrift und Mail-Adresse) und Ihnen auch mitteilen, inwieweit die Angabe jeweils verbindlich erforderlich ist, um das Nutzungsverh\u00e4ltnis zu begr\u00fcnden.<!--allgemein096_bestand_end--><\/p>\n<p><!--allgemein096_nutzung_header--><strong>Nutzungsdaten<\/strong><br \/><!--allgemein096_nutzung_start-->Weiter erhebe\u00a0 ich Nutzungsdaten, um die Inanspruchnahme der Dienste auf meiner Website durch den Nutzer zu erm\u00f6glichen. Dazu k\u00f6nnen geh\u00f6ren: Nutzungsangaben (z.B. aufgerufene Webseiten oder Bereiche, Besuchsdauer, Interesse an Leistungen), Inhaltsdaten (z.B. von Ihnen eingegebene oder hochgeladene Daten, Texte, Bilder, T\u00f6ne, Videos), Metadaten (z.B. Identit\u00e4t Ihres Ger\u00e4tes, Standort, IP-Adresse).<!--allgemein096_nutzung_end--><\/p>\n<h4><!--erstkontakt_header-->Erstkontakt durch elektronische Anfrage<\/h4>\n<p><!--erstkontakt_start-->Kontaktieren Sie mich in elektronischer Form (z.B. Mail, Fax, Telefon, Messenger, etc.), speicher und verarbeite ich die Daten, die Sie mir bekannt gegeben haben (z.B. Name, Kontaktinformationen, Inhalt der Anfrage). Rechtsgrundlage daf\u00fcr ist mein berechtigtes Interesse an effektiver Kundenkommunikation gem. Art. 6 Abs. 1 lit. a DSGVO und, soweit es um eine Anfrage zur Eingehung oder Erf\u00fcllung eines Vertrages geht, auch Art. 6 Abs. 1 lit. b DSGVO.<\/p>\n<p>Diese Daten werde ich an Dritte nur weitergeben, soweit es (nach Art. 6 Abs. 1 lit. b DSGVO) f\u00fcr die Erf\u00fcllung des Vertrages erforderlich ist, dies dem \u00fcberwiegenden Interesse an einer effektiven Leistung (gem. Art. 6 Abs. 1 lit. f DSGVO) entspricht oder Ihre Einwilligung (nach Art. 6 Abs. 1 lit. a DSGVO) oder eine sonstige gesetzliche Erlaubnis oder Pflicht vorliegt.<\/p>\n<p>Sie k\u00f6nnen von mir jederzeit unentgeltlich Auskunft \u00fcber Zweck der Verarbeitung, Herkunft und ggf. Empf\u00e4nger Ihrer personenbezogenen Daten verlangen. Weiter k\u00f6nnen Sie die Berichtigung, die L\u00f6schung und die Einschr\u00e4nkung der Verarbeitung Ihrer personenbezogenen Daten geltend machen. Sie k\u00f6nnen jederzeit Widerspruch gegen die (weitere) Verarbeitung Ihrer Daten erheben und haben ein Recht auf Daten\u00fcbertragbarkeit sowie ein Recht auf Beschwerde bei der zust\u00e4ndigen Aufsichtsbeh\u00f6rde.<\/p>\n<p>Ihre Daten bleiben grunds\u00e4tzlich nur so lange gespeichert, wie es der Zweck der jeweiligen Datenverarbeitung erfordert. Eine weitergehende Speicherung kommt vor allem in Betracht, wenn dies zur Rechtsverfolgung oder aus berechtigten Interessen noch erforderlich ist oder eine gesetzliche Pflicht besteht, die Daten noch aufzubewahren (z.B. steuerliche Aufbewahrungsfristen, Verj\u00e4hrungsfrist).<!--erstkontakt_end--><\/p>\n<h4><!--einwilligung_header-->Einwilligung<\/h4>\n<p><!--einwilligung_start-->Soweit ich Sie um Ihre Einwilligung bitte, Ihre Daten zu verarbeiten, werde ich Sie in klarer Sprache und leicht zug\u00e4nglich dar\u00fcber informieren, f\u00fcr welche F\u00e4lle Sie Ihre Einwilligung erteilen. Jede von mir erbetene Einwilligung ist freiwillig, jeden Vorteil, den Sie durch die Erteilung einer Einwilligung erlangen m\u00f6chten, k\u00f6nnen Sie auch ohne die Einwilligung bekommen, fragen Sie mich einfach.<\/p>\n<p>F\u00fcr jede Einwilligung gilt, dass Sie das Recht haben, jederzeit eine mir erteilte Einwilligung zur Verarbeitung Ihrer personenbezogenen Daten zu widerrufen. Dies kann durch eine formlose Mitteilung erfolgen, z.B. \u00fcber eine Mail an die im Impressum angegebene Mail-Adresse. Ihr Widerruf ber\u00fchrt die Rechtm\u00e4\u00dfigkeit der bis dahin vorgenommenen Datenverarbeitung nicht.<!--einwilligung_end--><\/p>\n<h4><!--speicherdauer_header-->Speicherdauer<\/h4>\n<p><!--speicherdauer_start-->Ihre Daten bleiben grunds\u00e4tzlich nur so lange gespeichert, wie es der Zweck der jeweiligen Datenverarbeitung erfordert. Eine weitergehende Speicherung kommt vor allem in Betracht, wenn dies zur Rechtsverfolgung durch uns oder aus unseren sonstigen berechtigten Interessen noch erforderlich ist.<\/p>\n<p>F\u00fcr Ihre Bestandsdaten, die zur Erf\u00fcllung eines (auch unentgeltlichen) Vertragsverh\u00e4ltnisses erforderlich waren, bedeutet das, dass wir diese bis zur vollst\u00e4ndigen Erf\u00fcllung oder Beendigung des Vertragsverh\u00e4ltnisses zuz\u00fcglich der Verj\u00e4hrungsfrist (die generelle 2 oder 3 Jahre betr\u00e4gt) nebst eines angemessenen Aufschlages f\u00fcr eine eventuelle Unterbrechung der Verj\u00e4hrung speichern.<\/p>\n<p>F\u00fcr Ihre Nutzungsdaten, die anl\u00e4sslich Ihrer Nutzung der Website erfasst wurden, bedeutet das, das ich diese nur so lange speichere, wie dies f\u00fcr die ordnungsgem\u00e4\u00dfe Funktion unserer Website noch erforderlich ist und mein berechtigtes Interesse reicht. Statistische Angaben werde ich in erster Linie nur pseudonomysiert speichern.<\/p>\n<p>Dar\u00fcber hinaus speichere ich Ihre Daten noch, soweit wir dazu gesetzlich verpflichtet sind. Das sind insbesondere die steuerlichen Aufbewahrungsfristen, die grunds\u00e4tzlich 6 oder gar 10 Jahre betragen.<!--speicherdauer_end--><\/p>\n<h4><!--cookie_header-->Cookies<\/h4>\n<p><!--cookie_hint_header--><strong>Cookie Hinweis<\/strong><br \/><!--cookie_hint_start-->Meine Webseite benutzt im Rahmen meines berechtigten Interesses an einem technisch einwandfreien Online Angebot und seiner wirtschaftlich-effizienten Gestaltung und Optimierung gem. Art.6 Abs. 1 lit.f DSGVO Cookies, damit mein Angebot besser, effektiver und sicherer genutzt werden kann. Cookies sind Textdateien, die auf Ihrem Computer gespeichert werden und bestimmte Daten \u00fcber Ihr Nutzerverhalten auf meiner Seite speichern, damit Ihnen bestimmte Funktionen oder Angebote entsprechend Ihrer bisherigen Nutzung zur Verf\u00fcgung gestellt werden k\u00f6nnen. Dabei kann es sich einmal umso genannte \u201eSession-Cookies\u201c handeln, die zum Ende Ihres Besuches auf unserer Webseite automatisch gel\u00f6scht werden. Es gibt aber auch Cookies, die dauerhaft auf ihrem Computer gespeichert werden, sofern Sie diese nicht l\u00f6schen. Dann ist es uns m\u00f6glich, Ihren Browser beim n\u00e4chsten Aufruf unserer Webseite wieder zu erkennen und Ihnen Funktionen oder Angebote entsprechend Ihrer bisherigen Nutzung zur Verf\u00fcgung zu stellen.<\/p>\n<p>Ihr Browser erm\u00f6glicht Ihnen, die Verwendung von Cookies ganz oder im Einzelfall zu verhindern. Bitte informieren Sie sich dazu in der Bedienungsanleitung f\u00fcr Ihren Browser. Sie k\u00f6nnen Cookies auch l\u00f6schen, einige Anweisungen dazu habe ich hier zusammengestellt:<\/p>\n<p>f\u00fcr Chrome: <a href=\"https:\/\/support.google.com\/chrome\/answer\/95647?co=GENIE.Platform%3DDesktop&amp;hl=de\" target=\"_blank\" rel=\"noreferrer noopener nofollow\">https:\/\/support.google.com\/chrome\/answer\/95647?co=GENIE.Platform%3DDesktop&amp;hl=de<\/a><br \/>f\u00fcr Safari: <a href=\"https:\/\/support.apple.com\/de-de\/guide\/safari\/sfri11471\/mac\" target=\"_blank\" rel=\"noreferrer noopener nofollow\">https:\/\/support.apple.com\/de-de\/guide\/safari\/sfri11471\/mac<\/a><br \/>f\u00fcr Firefox: <a href=\"https:\/\/support.mozilla.org\/de\/kb\/cookies-loeschen-daten-von-websites-entfernen\" target=\"_blank\" rel=\"noreferrer noopener nofollow\">https:\/\/support.mozilla.org\/de\/kb\/cookies-loeschen-daten-von-websites-entfernen<\/a><br \/>f\u00fcr Edge: <a href=\"https:\/\/support.microsoft.com\/de-de\/help\/17442\/windows-internet-explorer-delete-manage-cookies\" target=\"_blank\" rel=\"noreferrer noopener nofollow\">https:\/\/support.microsoft.com\/de-de\/help\/17442\/windows-internet-explorer-delete-manage-cookies<\/a><br \/>f\u00fcr Internet Explorer: <a href=\"https:\/\/support.microsoft.com\/de-de\/help\/278835\/how-to-delete-cookie-files-in-internet-explorer\" target=\"_blank\" rel=\"noreferrer noopener nofollow\">https:\/\/support.microsoft.com\/de-de\/help\/278835\/how-to-delete-cookie-files-in-internet-explorer<\/a><\/p>\n<p>Die Sperrung von Cookies kann die Funktion meiner und anderer von Ihnen besuchter Webseiten einschr\u00e4nken.<\/p>\n<p>Mehr Informationen dazu, wie Sie insbesondere Drittanbieter-Cookies und Technologien mit \u00e4hnlicher Zweckrichtung verwalten, beschr\u00e4nken oder ganz ausstellen k\u00f6nnen finden Sie insbesondere unter:<br \/><a href=\"http:\/\/www.aboutads.info\/choices\" target=\"_blank\" rel=\"noreferrer noopener nofollow\">http:\/\/www.aboutads.info\/choices<\/a><br \/><a href=\"http:\/\/www.youronlinechoices.eu\" target=\"_blank\" rel=\"noreferrer noopener nofollow\">http:\/\/www.youronlinechoices.eu<\/a><br \/><a href=\"http:\/\/www.networkadvertising.org\/choices\" target=\"_blank\" rel=\"noreferrer noopener nofollow\">http:\/\/www.networkadvertising.org\/choices<\/a><!--cookie_hint_end--><\/p>\n<h4><!--nutzerrechte_header-->Rechte der Nutzer<\/h4>\n<p><!--nutzerrechte_start-->Sie k\u00f6nnen von mir jederzeit kostenfrei Auskunft \u00fcber die von mir \u00fcber sie gespeicherten personenbezogenen Daten verlangen. Hierbei wird zur Verhinderung von Missbrauch eine Identifikation Ihrer Person erforderlich.<!--nutzerrechte_end--><\/p>\n<p><!--nutzerrechte_loeschung_header--><strong>L\u00f6schung, Berichtigung, Einschr\u00e4nkung<br \/><\/strong><!--nutzerrechte_loeschung_start-->Sie k\u00f6nnen von mir jederzeit Berichtigung (auch durch Erg\u00e4nzung) unrichtiger Daten verlangen sowie eine Einschr\u00e4nkung ihrer Verarbeitung oder auch die L\u00f6schung Ihrer Daten. Dies gilt insbesondere, wenn der Verarbeitungszweck erloschen ist, eine erforderliche Einwilligung widerrufen wurde und keine andere Rechtsgrundlage vorliegt oder meine Datenverarbeitung unrechtm\u00e4\u00dfig ist. Ich werde Ihre personenbezogenen Daten dann im gesetzlichen Rahmen unverz\u00fcglich berichtigen, sperren oder gar l\u00f6schen.<!--nutzerrechte_loeschung_end--><\/p>\n<p><!--nutzerrechte_widerspruch_header--><strong>Widerspruch<br \/><\/strong>JEDER VERARBEITUNG IHRER PERSONENBEZOGENEN DATEN, DIE WIR AUF EINE ABW\u00c4GUNG MIT IHREN INTERESSEN NACH ART. 6 ABS. 1 lit. f DSGVO ST\u00dcTZEN, K\u00d6NNEN SIE JEDERZEIT WIDERSPRECHEN, WENN DAF\u00dcR GR\u00dcNDE BESTEHEN, DIE SICH AUS IHRER BESONDEREN PERS\u00d6NLICHEN SITUATION ERGEBEN.<\/p>\n<p>ICH VERARBEITE IHRE DATEN DANN NICHT MEHR, ES SEI DENN, ICH KANN ZWINGENDE SCHUTZW\u00dcRDIGE GR\u00dcNDE F\u00dcR DIE VERARBEITUNG NACHWEISEN, DIE DIE INTERESSEN, RECHTE UND FREIHEITEN VON IHNEN \u00dcBERWIEGEN ODER DIE VERARBEITUNG DIENT DER GELTENDMACHUNG, AUS\u00dcBUNG ODER VERTEIDIGUNG VON RECHTSANSPR\u00dcCHEN MEINERSEITS.<\/p>\n<p><!--nutzerrechte_widerspruch_start--><\/p>\n<p><!--nutzerrechte_widerspruch_end--><\/p>\n<p><!--nutzerrechte_datenuebertragung_header--><strong>Daten\u00fcbertragung<br \/><\/strong><!--nutzerrechte_datenuebertragung_start-->Sie k\u00f6nnen von mir die \u00dcbertragung der zu Ihrer Person gespeicherten Daten in maschinenlesbarer Form verlangen.<!--nutzerrechte_datenuebertragung_end--><\/p>\n<p><!--nutzerrechte_beschwerde_header--><strong>Beschwerde<br \/><\/strong><!--nutzerrechte_beschwerde_start-->Soweit Sie sich durch unsere Datenverarbeitung in Ihren Rechten verletzt f\u00fchlen, k\u00f6nnen Sie bei der zust\u00e4ndigen Aufsichtsbeh\u00f6rde (<a href=\"https:\/\/www.bfdi.bund.de\/DE\/Infothek\/Anschriften_Links\/anschriften_links-node.html\" target=\"_blank\" rel=\"noreferrer noopener nofollow\">hier<\/a> finden Sie eine Liste der Beh\u00f6rden) eine Beschwerde einreichen.<!--nutzerrechte_beschwerde_end--><\/p>\n<h4><!--aenderungdse_header-->\u00c4nderung der Datenschutzerkl\u00e4rung<\/h4>\n<p><!--aenderungdse_start-->Sofern einmal eine \u00c4nderung der Datenschutzerkl\u00e4rung aus rechtlichen oder tats\u00e4chlichen Gr\u00fcnden erforderlich wird, werde ich diese Seite entsprechend aktualisieren. Dabei werden keine \u00c4nderungen an den vom Nutzer erteilten Einwilligungen vorgenommen.<!--aenderungdse_end--><\/p>\n<h4><!--dateneingaben_header-->Dateneingaben<\/h4>\n<p><!--dateneingaben_verschluesselung_header--><strong>Verschl\u00fcsselung<br \/><\/strong><!--dateneingaben_verschluesselung_start-->Wenn Sie auf meiner Website Daten eingeben, sei es auf einem Kontaktformular, anl\u00e4sslich einer Registrierung, des Einloggens oder f\u00fcr Zahlungszwecke, ist die Webseite, auf der Sie die Daten eingeben, verschl\u00fcsselt. Dadurch k\u00f6nnen Dritte nicht mitlesen, welche Daten Sie eingeben. Sie erkennen die Verschl\u00fcsselung an dem Schlosssymbol in Ihrem Browser und daran, dass die Adresszeile mit \u201ehttps\u201c anstatt nur mit \u201ehttp\u201c beginnt.<\/p>\n<p>&nbsp;<\/p>\n<p>Quelle: <a href=\"https:\/\/easyrechtssicher.de\" target=\"_blank\" rel=\"noopener noreferrer\">easyrechtssicher.de<\/a><\/p>\n<p>[\/et_pb_text][\/et_pb_column][\/et_pb_row][\/et_pb_section]<\/p>\n","protected":false},"excerpt":{"rendered":"<p>[et_pb_section fb_built=&#8220;1&#8243; _builder_version=&#8220;3.22&#8243; background_color=&#8220;#dddddd&#8220;][et_pb_row _builder_version=&#8220;3.25&#8243; background_size=&#8220;initial&#8220; background_position=&#8220;top_left&#8220; background_repeat=&#8220;repeat&#8220;][et_pb_column type=&#8220;4_4&#8243; _builder_version=&#8220;3.25&#8243; custom_padding=&#8220;|||&#8220; custom_padding__hover=&#8220;|||&#8220;][et_pb_text _builder_version=&#8220;4.0.7&#8243; background_size=&#8220;initial&#8220; background_position=&#8220;top_left&#8220; background_repeat=&#8220;repeat&#8220; hover_enabled=&#8220;0&#8243;] Datenschutzerkl\u00e4rung Allgemeines Ich m\u00f6chte Sie in \u00dcbereinstimmung mit meiner gesetzlichen Verpflichtung \u00fcber die Erhebung und Verwendung ihrer personenbezogenen Daten informieren. Wenn Sie meine Website nutzen, werden personenbezogene Daten \u00fcber Sie erfasst. Dies kann dadurch erfolgen, dass Sie die [&hellip;]<\/p>\n","protected":false},"author":1,"featured_media":0,"parent":0,"menu_order":0,"comment_status":"open","ping_status":"open","template":"","meta":{"_et_pb_use_builder":"on","_et_pb_old_content":""},"_links":{"self":[{"href":"https:\/\/martina-schlumberger.de\/index.php?rest_route=\/wp\/v2\/pages\/161"}],"collection":[{"href":"https:\/\/martina-schlumberger.de\/index.php?rest_route=\/wp\/v2\/pages"}],"about":[{"href":"https:\/\/martina-schlumberger.de\/index.php?rest_route=\/wp\/v2\/types\/page"}],"author":[{"embeddable":true,"href":"https:\/\/martina-schlumberger.de\/index.php?rest_route=\/wp\/v2\/users\/1"}],"replies":[{"embeddable":true,"href":"https:\/\/martina-schlumberger.de\/index.php?rest_route=%2Fwp%2Fv2%2Fcomments&post=161"}],"version-history":[{"count":11,"href":"https:\/\/martina-schlumberger.de\/index.php?rest_route=\/wp\/v2\/pages\/161\/revisions"}],"predecessor-version":[{"id":441,"href":"https:\/\/martina-schlumberger.de\/index.php?rest_route=\/wp\/v2\/pages\/161\/revisions\/441"}],"wp:attachment":[{"href":"https:\/\/martina-schlumberger.de\/index.php?rest_route=%2Fwp%2Fv2%2Fmedia&parent=161"}],"curies":[{"name":"wp","href":"https:\/\/api.w.org\/{rel}","templated":true}]}}